{"id":696,"date":"2025-02-23T14:39:20","date_gmt":"2025-02-23T19:39:20","guid":{"rendered":"https:\/\/smartsystems.cloud.org.pe\/index.php\/repertoire\/"},"modified":"2025-03-12T19:53:59","modified_gmt":"2025-03-13T00:53:59","slug":"repertoire","status":"publish","type":"page","link":"https:\/\/smartsystems.cloud.org.pe\/?page_id=696","title":{"rendered":"Servicios"},"content":{"rendered":"\n<div class=\"wp-block-uagb-container uagb-block-579b2de6 alignfull uagb-is-root-container\"><div class=\"uagb-container-inner-blocks-wrap\">\n<div class=\"wp-block-uagb-image uagb-block-65f23fe0 wp-block-uagb-image--layout-default wp-block-uagb-image--effect-static wp-block-uagb-image--align-none\"><figure class=\"wp-block-uagb-image__figure\"><img decoding=\"async\" srcset=\"https:\/\/smartsystems.cloud.org.pe\/wp-content\/uploads\/2025\/03\/servicios.png ,https:\/\/smartsystems.cloud.org.pe\/wp-content\/uploads\/2025\/03\/servicios.png 780w, https:\/\/smartsystems.cloud.org.pe\/wp-content\/uploads\/2025\/03\/servicios.png 360w\" sizes=\"auto, (max-width: 480px) 150px\" src=\"https:\/\/smartsystems.cloud.org.pe\/wp-content\/uploads\/2025\/03\/servicios.png\" alt=\"\" class=\"uag-image-2370\" width=\"270\" height=\"200\" title=\"servicios\" loading=\"lazy\" role=\"img\"\/><\/figure><\/div>\n<\/div><\/div>\n\n\n\n<div class=\"wp-block-uagb-container uagb-block-3ec5d9fa alignfull uagb-is-root-container\"><div class=\"uagb-container-inner-blocks-wrap\">\n<div class=\"wp-block-uagb-advanced-heading uagb-block-46e32658\"><h1 class=\"uagb-heading-text\">SERVICIOS<\/h1><\/div>\n<\/div><\/div>\n\n\n\n<div class=\"wp-block-uagb-container uagb-block-751af7ca alignfull uagb-is-root-container\"><div class=\"uagb-container-inner-blocks-wrap\">\n<div class=\"wp-block-uagb-advanced-heading uagb-block-630e781e\"><h4 class=\"uagb-heading-text\">Comercio Electr\u00f3nico<\/h4><\/div>\n\n\n\n<ul class=\"wp-block-list\">\n<li>Venta y distribuci\u00f3n de productos y servicios a trav\u00e9s de medios digitales, incluyendo redes sociales, p\u00e1ginas web y plataformas virtuales.<\/li>\n<\/ul>\n\n\n\n<div class=\"wp-block-uagb-advanced-heading uagb-block-1c27ce67\"><h4 class=\"uagb-heading-text\">Desarrollo de Software<\/h4><\/div>\n\n\n\n<ul class=\"wp-block-list\">\n<li>Creaci\u00f3n de programas, instrucciones, datos y procedimientos para la ejecuci\u00f3n de tareas espec\u00edficas en dispositivos electr\u00f3nicos.<\/li>\n<\/ul>\n\n\n\n<div class=\"wp-block-uagb-advanced-heading uagb-block-4154f57b\"><h4 class=\"uagb-heading-text\">Servicios Inform\u00e1ticos<\/h4><\/div>\n\n\n\n<ul class=\"wp-block-list\">\n<li>Dise\u00f1o, programaci\u00f3n y mantenimiento de aplicaciones y sistemas inform\u00e1ticos.<\/li>\n<\/ul>\n\n\n\n<div class=\"wp-block-uagb-advanced-heading uagb-block-170e02f0\"><h4 class=\"uagb-heading-text\">Soluciones Web y M\u00f3viles<\/h4><\/div>\n\n\n\n<ul class=\"wp-block-list\">\n<li>Desarrollo de plataformas web y tiendas en l\u00ednea.<\/li>\n\n\n\n<li>Creaci\u00f3n de sistemas de gesti\u00f3n de productos.<\/li>\n\n\n\n<li>Aplicaciones m\u00f3viles para Android e iOS enfocadas en comercio electr\u00f3nico.<\/li>\n<\/ul>\n\n\n\n<div class=\"wp-block-uagb-advanced-heading uagb-block-8e10e7b3\"><h4 class=\"uagb-heading-text\">Software Especializado<\/h4><\/div>\n\n\n\n<ul class=\"wp-block-list\">\n<li>Desarrollo de herramientas digitales adaptadas a diversas industrias, optimizando la gesti\u00f3n, eficiencia y toma de decisiones.<\/li>\n<\/ul>\n\n\n\n<div class=\"wp-block-uagb-advanced-heading uagb-block-b963f62e\"><h4 class=\"uagb-heading-text\">Desarrollo a Medida<\/h4><\/div>\n\n\n\n<ul class=\"wp-block-list\">\n<li>Creaci\u00f3n de soluciones tecnol\u00f3gicas personalizadas que integran software y dispositivos inteligentes para mejorar el control y la automatizaci\u00f3n de procesos.<\/li>\n<\/ul>\n\n\n\n<div class=\"wp-block-uagb-advanced-heading uagb-block-f46a876d\"><h4 class=\"uagb-heading-text\">Conectividad e Integraci\u00f3n<\/h4><\/div>\n\n\n\n<ul class=\"wp-block-list\">\n<li>Implementaci\u00f3n de sistemas que permiten la comunicaci\u00f3n y sincronizaci\u00f3n entre plataformas, equipos y dispositivos, facilitando el monitoreo remoto y la gesti\u00f3n en tiempo real.<\/li>\n<\/ul>\n\n\n\n<div class=\"wp-block-uagb-advanced-heading uagb-block-5acc4b1b\"><h4 class=\"uagb-heading-text\">Automatizaci\u00f3n y Control Inteligente<\/h4><\/div>\n\n\n\n<ul class=\"wp-block-list\">\n<li>Soluciones que recopilan datos, detectan cambios y ejecutan acciones automatizadas para mejorar la seguridad, productividad y rendimiento.<\/li>\n<\/ul>\n\n\n\n<div class=\"wp-block-uagb-advanced-heading uagb-block-cf2e79d3\"><h4 class=\"uagb-heading-text\">Dise\u00f1o e Instalaci\u00f3n de Tableros El\u00e9ctricos<\/h4><\/div>\n\n\n\n<ul class=\"wp-block-list\">\n<li>Soluciones personalizadas para empresas e industrias, garantizando eficiencia y seguridad en la gesti\u00f3n el\u00e9ctrica.<\/li>\n<\/ul>\n\n\n\n<div class=\"wp-block-uagb-advanced-heading uagb-block-59dbb0a3\"><h4 class=\"uagb-heading-text\">Mantenimiento de Tableros El\u00e9ctricos<\/h4><\/div>\n\n\n\n<ul class=\"wp-block-list\">\n<li>Servicio preventivo, predictivo y correctivo para evitar fallos y mejorar el rendimiento de los sistemas el\u00e9ctricos.<\/li>\n<\/ul>\n\n\n\n<div class=\"wp-block-uagb-advanced-heading uagb-block-a99d3d7c\"><h4 class=\"uagb-heading-text\">Sistemas de Control y Automatizaci\u00f3n<\/h4><\/div>\n\n\n\n<ul class=\"wp-block-list\">\n<li>Optimizaci\u00f3n de motores, potencia y bancos de condensadores para un consumo energ\u00e9tico eficiente.<\/li>\n<\/ul>\n\n\n\n<div class=\"wp-block-uagb-advanced-heading uagb-block-53d56aa3\"><h4 class=\"uagb-heading-text\">Infraestructura El\u00e9ctrica<\/h4><\/div>\n\n\n\n<ul class=\"wp-block-list\">\n<li>Pozos a tierra certificados para entornos industriales y residenciales.<\/li>\n\n\n\n<li>Canalizaci\u00f3n y cableado el\u00e9ctrico.<\/li>\n\n\n\n<li>Transformadores y soluciones energ\u00e9ticas para una energ\u00eda confiable.<\/li>\n<\/ul>\n\n\n\n<div class=\"wp-block-uagb-advanced-heading uagb-block-cca942fc\"><h4 class=\"uagb-heading-text\">Automatizaci\u00f3n y Control con IoT<\/h4><\/div>\n\n\n\n<ul class=\"wp-block-list\">\n<li>Implementaci\u00f3n de sistemas inteligentes que integran sensores y dispositivos conectados a internet para el monitoreo y control remoto de procesos industriales.<\/li>\n<\/ul>\n\n\n\n<div class=\"wp-block-uagb-advanced-heading uagb-block-55f80bb9\"><h4 class=\"uagb-heading-text\">Automatizaci\u00f3n con Inteligencia Artificial<\/h4><\/div>\n\n\n\n<ul class=\"wp-block-list\">\n<li>Soluciones avanzadas que integran IA para optimizar y controlar procesos industriales, mejorar la eficiencia y tomar decisiones automatizadas.<\/li>\n<\/ul>\n\n\n\n<div class=\"wp-block-uagb-advanced-heading uagb-block-eac8de4e\"><h4 class=\"uagb-heading-text\">Software para IoT<\/h4><\/div>\n\n\n\n<ul class=\"wp-block-list\">\n<li>Desarrollo de plataformas que gestionan dispositivos conectados en tiempo real, mejorando la supervisi\u00f3n y automatizaci\u00f3n de procesos.<\/li>\n<\/ul>\n\n\n\n<div class=\"wp-block-uagb-advanced-heading uagb-block-6cc384d2\"><h4 class=\"uagb-heading-text\">Software con Inteligencia Artificial<\/h4><\/div>\n\n\n\n<ul class=\"wp-block-list\">\n<li>Soluciones inteligentes con algoritmos de aprendizaje autom\u00e1tico para optimizar operaciones, predecir fallos y mejorar la toma de decisiones en entornos industriales y empresariales.<\/li>\n<\/ul>\n\n\n\n<div class=\"wp-block-uagb-advanced-heading uagb-block-ff67a49f\"><h4 class=\"uagb-heading-text\">Energ\u00eda y Sostenibilidad<\/h4><\/div>\n\n\n\n<ul class=\"wp-block-list\">\n<li>Dise\u00f1o e instalaci\u00f3n de sistemas fotovoltaicos para el aprovechamiento de energ\u00eda solar.<\/li>\n\n\n\n<li>Implementaci\u00f3n de tecnolog\u00edas para eficiencia energ\u00e9tica y control automatizado.<\/li>\n<\/ul>\n\n\n\n<div class=\"wp-block-uagb-advanced-heading uagb-block-f8da38ef\"><h4 class=\"uagb-heading-text\">Dom\u00f3tica e Inm\u00f3tica<\/h4><\/div>\n\n\n\n<ul class=\"wp-block-list\">\n<li>Soluciones de automatizaci\u00f3n para hogares y edificios inteligentes.<\/li>\n\n\n\n<li>Gesti\u00f3n eficiente de energ\u00eda, seguridad y confort.<\/li>\n<\/ul>\n\n\n\n<div class=\"wp-block-uagb-advanced-heading uagb-block-3d02f7fd\"><h4 class=\"uagb-heading-text\">Desarrollo de Hardware a Medida<\/h4><\/div>\n\n\n\n<ul class=\"wp-block-list\">\n<li>Dise\u00f1o de esquem\u00e1ticos seg\u00fan las necesidades del proyecto.<\/li>\n\n\n\n<li>Montaje de circuitos impresos y desarrollo de firmware.<\/li>\n\n\n\n<li>Pruebas y validaci\u00f3n de hardware.<\/li>\n<\/ul>\n\n\n\n<div class=\"wp-block-uagb-advanced-heading uagb-block-cf9316d4\"><h4 class=\"uagb-heading-text\">Realidad Virtual y Aumentada<\/h4><\/div>\n\n\n\n<ul class=\"wp-block-list\">\n<li>Desarrollo de software y entornos 3D para entrenamiento, educaci\u00f3n, ventas y juegos.<\/li>\n<\/ul>\n\n\n\n<div class=\"wp-block-uagb-advanced-heading uagb-block-a1457047\"><h4 class=\"uagb-heading-text\">Servicios Biom\u00e9dicos<\/h4><\/div>\n\n\n\n<ul class=\"wp-block-list\">\n<li>Mantenimiento preventivo y correctivo de equipos biom\u00e9dicos.<\/li>\n\n\n\n<li>Asesoramiento en la compra de equipos m\u00e9dicos.<\/li>\n\n\n\n<li>Capacitaci\u00f3n t\u00e9cnica para personal m\u00e9dico.<\/li>\n<\/ul>\n\n\n\n<div class=\"wp-block-uagb-advanced-heading uagb-block-af0c79ba\"><h4 class=\"uagb-heading-text\">Otras Soluciones<\/h4><\/div>\n\n\n\n<ul class=\"wp-block-list\">\n<li>Nuestra empresa tambi\u00e9n puede desarrollar otras actividades afines y conexas a estos servicios, garantizando soluciones tecnol\u00f3gicas adaptadas a las necesidades de nuestros clientes.<\/li>\n<\/ul>\n<\/div><\/div>\n","protected":false},"excerpt":{"rendered":"<p>SERVICIOS Comercio Electr\u00f3nico Desarrollo de Software Servicios Inform\u00e1ticos Soluciones Web y M\u00f3viles Software Especializado Desarrollo a Medida Conectividad e Integraci\u00f3n Automatizaci\u00f3n y Control Inteligente Dise\u00f1o e Instalaci\u00f3n de Tableros El\u00e9ctricos Mantenimiento de Tableros El\u00e9ctricos Sistemas de Control y Automatizaci\u00f3n Infraestructura El\u00e9ctrica Automatizaci\u00f3n y Control con IoT Automatizaci\u00f3n con Inteligencia Artificial Software para IoT Software con [&hellip;]<\/p>\n","protected":false},"author":1,"featured_media":0,"parent":0,"menu_order":0,"comment_status":"closed","ping_status":"closed","template":"","meta":{"_uag_custom_page_level_css":"","site-sidebar-layout":"no-sidebar","site-content-layout":"plain-container","ast-site-content-layout":"normal-width-container","site-content-style":"unboxed","site-sidebar-style":"unboxed","ast-global-header-display":"","ast-banner-title-visibility":"","ast-main-header-display":"","ast-hfb-above-header-display":"","ast-hfb-below-header-display":"","ast-hfb-mobile-header-display":"","site-post-title":"disabled","ast-breadcrumbs-content":"","ast-featured-img":"disabled","footer-sml-layout":"","theme-transparent-header-meta":"enabled","adv-header-id-meta":"","stick-header-meta":"","header-above-stick-meta":"","header-main-stick-meta":"","header-below-stick-meta":"","astra-migrate-meta-layouts":"set","ast-page-background-enabled":"default","ast-page-background-meta":{"desktop":{"background-color":"","background-image":"","background-repeat":"repeat","background-position":"center center","background-size":"auto","background-attachment":"scroll","background-type":"","background-media":"","overlay-type":"","overlay-color":"","overlay-opacity":"","overlay-gradient":""},"tablet":{"background-color":"","background-image":"","background-repeat":"repeat","background-position":"center center","background-size":"auto","background-attachment":"scroll","background-type":"","background-media":"","overlay-type":"","overlay-color":"","overlay-opacity":"","overlay-gradient":""},"mobile":{"background-color":"","background-image":"","background-repeat":"repeat","background-position":"center center","background-size":"auto","background-attachment":"scroll","background-type":"","background-media":"","overlay-type":"","overlay-color":"","overlay-opacity":"","overlay-gradient":""}},"ast-content-background-meta":{"desktop":{"background-color":"var(--ast-global-color-5)","background-image":"","background-repeat":"repeat","background-position":"center center","background-size":"auto","background-attachment":"scroll","background-type":"","background-media":"","overlay-type":"","overlay-color":"","overlay-opacity":"","overlay-gradient":""},"tablet":{"background-color":"var(--ast-global-color-5)","background-image":"","background-repeat":"repeat","background-position":"center center","background-size":"auto","background-attachment":"scroll","background-type":"","background-media":"","overlay-type":"","overlay-color":"","overlay-opacity":"","overlay-gradient":""},"mobile":{"background-color":"var(--ast-global-color-5)","background-image":"","background-repeat":"repeat","background-position":"center center","background-size":"auto","background-attachment":"scroll","background-type":"","background-media":"","overlay-type":"","overlay-color":"","overlay-opacity":"","overlay-gradient":""}},"footnotes":""},"class_list":["post-696","page","type-page","status-publish","hentry"],"uagb_featured_image_src":{"full":false,"thumbnail":false,"medium":false,"medium_large":false,"large":false,"1536x1536":false,"2048x2048":false},"uagb_author_info":{"display_name":"admin","author_link":"https:\/\/smartsystems.cloud.org.pe\/?author=1"},"uagb_comment_info":0,"uagb_excerpt":"SERVICIOS Comercio Electr\u00f3nico Desarrollo de Software Servicios Inform\u00e1ticos Soluciones Web y M\u00f3viles Software Especializado Desarrollo a Medida Conectividad e Integraci\u00f3n Automatizaci\u00f3n y Control Inteligente Dise\u00f1o e Instalaci\u00f3n de Tableros El\u00e9ctricos Mantenimiento de Tableros El\u00e9ctricos Sistemas de Control y Automatizaci\u00f3n Infraestructura El\u00e9ctrica Automatizaci\u00f3n y Control con IoT Automatizaci\u00f3n con Inteligencia Artificial Software para IoT Software con&hellip;","_links":{"self":[{"href":"https:\/\/smartsystems.cloud.org.pe\/index.php?rest_route=\/wp\/v2\/pages\/696","targetHints":{"allow":["GET"]}}],"collection":[{"href":"https:\/\/smartsystems.cloud.org.pe\/index.php?rest_route=\/wp\/v2\/pages"}],"about":[{"href":"https:\/\/smartsystems.cloud.org.pe\/index.php?rest_route=\/wp\/v2\/types\/page"}],"author":[{"embeddable":true,"href":"https:\/\/smartsystems.cloud.org.pe\/index.php?rest_route=\/wp\/v2\/users\/1"}],"replies":[{"embeddable":true,"href":"https:\/\/smartsystems.cloud.org.pe\/index.php?rest_route=%2Fwp%2Fv2%2Fcomments&post=696"}],"version-history":[{"count":23,"href":"https:\/\/smartsystems.cloud.org.pe\/index.php?rest_route=\/wp\/v2\/pages\/696\/revisions"}],"predecessor-version":[{"id":2375,"href":"https:\/\/smartsystems.cloud.org.pe\/index.php?rest_route=\/wp\/v2\/pages\/696\/revisions\/2375"}],"wp:attachment":[{"href":"https:\/\/smartsystems.cloud.org.pe\/index.php?rest_route=%2Fwp%2Fv2%2Fmedia&parent=696"}],"curies":[{"name":"wp","href":"https:\/\/api.w.org\/{rel}","templated":true}]}}