{"id":694,"date":"2025-02-23T14:39:20","date_gmt":"2025-02-23T19:39:20","guid":{"rendered":"https:\/\/smartsystems.cloud.org.pe\/index.php\/biography\/"},"modified":"2025-03-12T19:46:50","modified_gmt":"2025-03-13T00:46:50","slug":"biography","status":"publish","type":"page","link":"https:\/\/smartsystems.cloud.org.pe\/?page_id=694","title":{"rendered":"Nosotros"},"content":{"rendered":"\n<div class=\"wp-block-uagb-container uagb-block-70795704 alignfull uagb-is-root-container\"><div class=\"uagb-container-inner-blocks-wrap\">\n<div class=\"wp-block-uagb-image aligncenter uagb-block-3801deea wp-block-uagb-image--layout-default wp-block-uagb-image--effect-static wp-block-uagb-image--align-center\"><figure class=\"wp-block-uagb-image__figure\"><img decoding=\"async\" srcset=\"https:\/\/smartsystems.cloud.org.pe\/wp-content\/uploads\/2025\/03\/vision.png ,https:\/\/smartsystems.cloud.org.pe\/wp-content\/uploads\/2025\/03\/vision.png 780w, https:\/\/smartsystems.cloud.org.pe\/wp-content\/uploads\/2025\/03\/vision.png 360w\" sizes=\"auto, (max-width: 480px) 150px\" src=\"https:\/\/smartsystems.cloud.org.pe\/wp-content\/uploads\/2025\/03\/vision.png\" alt=\"\" class=\"uag-image-2366\" width=\"270\" height=\"200\" title=\"vision\" loading=\"lazy\" role=\"img\"\/><\/figure><\/div>\n<\/div><\/div>\n\n\n\n<div class=\"wp-block-uagb-container uagb-block-b0f28fc6 alignfull uagb-is-root-container\"><div class=\"uagb-container-inner-blocks-wrap\">\n<div class=\"wp-block-uagb-advanced-heading uagb-block-687916f6\"><h2 class=\"uagb-heading-text\">MISI\u00f3N<\/h2><\/div>\n<\/div><\/div>\n\n\n\n<div class=\"wp-block-uagb-container uagb-layout-flex uagb-block-45f29a09 alignfull uagb-is-root-container\"><div class=\"uagb-container-inner-blocks-wrap\">\n<p>Ofrecer soluciones integrales y personalizadas en sistemas de informaci\u00f3n, plataformas digitales, inteligencia artificial, comercio electr\u00f3nico, gesti\u00f3n de proyectos de redes neuronales y desarrollo de software. No comprometemos a brindar herramientas tecnol\u00f3gicas de vanguardia que optimicen procesos, mejoren la toma de decisiones y generen valor sostenible para nuestros clientes y la sociedad.<\/p>\n<\/div><\/div>\n\n\n\n<div class=\"wp-block-uagb-container uagb-block-1179214f alignfull uagb-is-root-container\"><div class=\"uagb-container-inner-blocks-wrap\">\n<div class=\"wp-block-uagb-advanced-heading uagb-block-df4ab28e\"><h2 class=\"uagb-heading-text\">Visi\u00f3n<\/h2><\/div>\n<\/div><\/div>\n\n\n\n<div class=\"wp-block-uagb-container uagb-layout-flex uagb-block-e595db4b alignfull uagb-is-root-container\"><div class=\"uagb-container-inner-blocks-wrap\">\n<p>Ser l\u00edderes globales en innovaci\u00f3n tecnol\u00f3gica, transformando la manera en que las personas y las empresas interact\u00faan con la informaci\u00f3n, las plataformas digitales y la inteligencia artificial. Aspiramos a ser reconocidos como pioneros en el desarrollo de soluciones inteligentes que impulsen el progreso y la eficiencia de todos los sectores.<\/p>\n<\/div><\/div>\n\n\n\n<div class=\"wp-block-group is-layout-constrained wp-block-group-is-layout-constrained\">\n<div class=\"wp-block-uagb-advanced-heading uagb-block-d0ef0383\"><h2 class=\"uagb-heading-text\">Valores<\/h2><\/div>\n\n\n\n<ul class=\"wp-block-list\">\n<li><strong>Innovaci\u00f3n:<\/strong> Fomentamos la creatividad y la b\u00fasqueda constante de nuevas ideas para mantenernos a la vanguardia tecnol\u00f3gica.<\/li>\n\n\n\n<li><strong>Excelencia: <\/strong>Nos esforzamos por ofrecer productos y servicios de la mas alta calidad, superando las expectativas de nuestros clientes.<\/li>\n\n\n\n<li><strong>Integridad:<\/strong> Actuamos con honestidad, transparencia y responsabilidad en todas nuestras interacciones.<\/li>\n\n\n\n<li><strong>Colaboraci\u00f3n: <\/strong>Creemos en el poder del trabajo en equipo y en la construcci\u00f3n de relaciones solidas con clientes, socios y empleados.<\/li>\n\n\n\n<li><strong>Sostenibilidad:<\/strong> Nos comprometemos a desarrollar tecnolog\u00edas que contribuyan al bienestar social y ambiental.<\/li>\n\n\n\n<li><strong>Orientaci\u00f3n al cliente: <\/strong>ponemos a nuestros clientes en el centro de todo lo que hacemos, entendiendo sus necesidades y ofreciendo soluciones adaptadas a sus desaf\u00edos.<\/li>\n\n\n\n<li><strong>Aprendizaje continuo: <\/strong>Promovemos la formaci\u00f3n constante y la adaptaci\u00f3n a los cambios tecnol\u00f3gicos para mantenernos competitivos y relevantes.<\/li>\n<\/ul>\n<\/div>\n","protected":false},"excerpt":{"rendered":"<p>MISI\u00f3N Ofrecer soluciones integrales y personalizadas en sistemas de informaci\u00f3n, plataformas digitales, inteligencia artificial, comercio electr\u00f3nico, gesti\u00f3n de proyectos de redes neuronales y desarrollo de software. No comprometemos a brindar herramientas tecnol\u00f3gicas de vanguardia que optimicen procesos, mejoren la toma de decisiones y generen valor sostenible para nuestros clientes y la sociedad. Visi\u00f3n Ser l\u00edderes [&hellip;]<\/p>\n","protected":false},"author":1,"featured_media":0,"parent":0,"menu_order":0,"comment_status":"closed","ping_status":"closed","template":"","meta":{"_uag_custom_page_level_css":"","site-sidebar-layout":"no-sidebar","site-content-layout":"page-builder","ast-site-content-layout":"full-width-container","site-content-style":"unboxed","site-sidebar-style":"unboxed","ast-global-header-display":"","ast-banner-title-visibility":"","ast-main-header-display":"","ast-hfb-above-header-display":"","ast-hfb-below-header-display":"","ast-hfb-mobile-header-display":"","site-post-title":"disabled","ast-breadcrumbs-content":"","ast-featured-img":"disabled","footer-sml-layout":"","theme-transparent-header-meta":"enabled","adv-header-id-meta":"","stick-header-meta":"","header-above-stick-meta":"","header-main-stick-meta":"","header-below-stick-meta":"","astra-migrate-meta-layouts":"set","ast-page-background-enabled":"default","ast-page-background-meta":{"desktop":{"background-color":"","background-image":"","background-repeat":"repeat","background-position":"center center","background-size":"auto","background-attachment":"scroll","background-type":"","background-media":"","overlay-type":"","overlay-color":"","overlay-opacity":"","overlay-gradient":""},"tablet":{"background-color":"","background-image":"","background-repeat":"repeat","background-position":"center center","background-size":"auto","background-attachment":"scroll","background-type":"","background-media":"","overlay-type":"","overlay-color":"","overlay-opacity":"","overlay-gradient":""},"mobile":{"background-color":"","background-image":"","background-repeat":"repeat","background-position":"center center","background-size":"auto","background-attachment":"scroll","background-type":"","background-media":"","overlay-type":"","overlay-color":"","overlay-opacity":"","overlay-gradient":""}},"ast-content-background-meta":{"desktop":{"background-color":"var(--ast-global-color-5)","background-image":"","background-repeat":"repeat","background-position":"center center","background-size":"auto","background-attachment":"scroll","background-type":"","background-media":"","overlay-type":"","overlay-color":"","overlay-opacity":"","overlay-gradient":""},"tablet":{"background-color":"var(--ast-global-color-5)","background-image":"","background-repeat":"repeat","background-position":"center center","background-size":"auto","background-attachment":"scroll","background-type":"","background-media":"","overlay-type":"","overlay-color":"","overlay-opacity":"","overlay-gradient":""},"mobile":{"background-color":"var(--ast-global-color-5)","background-image":"","background-repeat":"repeat","background-position":"center center","background-size":"auto","background-attachment":"scroll","background-type":"","background-media":"","overlay-type":"","overlay-color":"","overlay-opacity":"","overlay-gradient":""}},"footnotes":""},"class_list":["post-694","page","type-page","status-publish","hentry"],"uagb_featured_image_src":{"full":false,"thumbnail":false,"medium":false,"medium_large":false,"large":false,"1536x1536":false,"2048x2048":false},"uagb_author_info":{"display_name":"admin","author_link":"https:\/\/smartsystems.cloud.org.pe\/?author=1"},"uagb_comment_info":0,"uagb_excerpt":"MISI\u00f3N Ofrecer soluciones integrales y personalizadas en sistemas de informaci\u00f3n, plataformas digitales, inteligencia artificial, comercio electr\u00f3nico, gesti\u00f3n de proyectos de redes neuronales y desarrollo de software. No comprometemos a brindar herramientas tecnol\u00f3gicas de vanguardia que optimicen procesos, mejoren la toma de decisiones y generen valor sostenible para nuestros clientes y la sociedad. Visi\u00f3n Ser l\u00edderes&hellip;","_links":{"self":[{"href":"https:\/\/smartsystems.cloud.org.pe\/index.php?rest_route=\/wp\/v2\/pages\/694","targetHints":{"allow":["GET"]}}],"collection":[{"href":"https:\/\/smartsystems.cloud.org.pe\/index.php?rest_route=\/wp\/v2\/pages"}],"about":[{"href":"https:\/\/smartsystems.cloud.org.pe\/index.php?rest_route=\/wp\/v2\/types\/page"}],"author":[{"embeddable":true,"href":"https:\/\/smartsystems.cloud.org.pe\/index.php?rest_route=\/wp\/v2\/users\/1"}],"replies":[{"embeddable":true,"href":"https:\/\/smartsystems.cloud.org.pe\/index.php?rest_route=%2Fwp%2Fv2%2Fcomments&post=694"}],"version-history":[{"count":41,"href":"https:\/\/smartsystems.cloud.org.pe\/index.php?rest_route=\/wp\/v2\/pages\/694\/revisions"}],"predecessor-version":[{"id":2369,"href":"https:\/\/smartsystems.cloud.org.pe\/index.php?rest_route=\/wp\/v2\/pages\/694\/revisions\/2369"}],"wp:attachment":[{"href":"https:\/\/smartsystems.cloud.org.pe\/index.php?rest_route=%2Fwp%2Fv2%2Fmedia&parent=694"}],"curies":[{"name":"wp","href":"https:\/\/api.w.org\/{rel}","templated":true}]}}