{"id":691,"date":"2025-02-23T14:39:20","date_gmt":"2025-02-23T19:39:20","guid":{"rendered":"https:\/\/smartsystems.cloud.org.pe\/index.php\/home\/"},"modified":"2025-03-08T15:44:50","modified_gmt":"2025-03-08T20:44:50","slug":"home","status":"publish","type":"page","link":"https:\/\/smartsystems.cloud.org.pe\/","title":{"rendered":"Inicio"},"content":{"rendered":"\n<div class=\"wp-block-uagb-container uagb-block-24120016 alignfull uagb-is-root-container\">\n<div class=\"wp-block-group is-layout-constrained wp-block-group-is-layout-constrained\">\n<section class=\"wp-block-uagb-container uagb-layout-flex uagb-block-abc2ec26 alignfull uagb-is-root-container\"><div class=\"uagb-container-inner-blocks-wrap\">\n<div class=\"wp-block-columns container-banner is-layout-flex wp-container-core-columns-is-layout-28f84493 wp-block-columns-is-layout-flex\">\n<div class=\"wp-block-column is-layout-flow wp-block-column-is-layout-flow\" style=\"padding-top:0;padding-right:0px;padding-bottom:0;padding-left:0px;flex-basis:780px\">\n<div class=\"wp-block-uagb-info-box uagb-block-08c0e953 uagb-infobox__content-wrap  uagb-infobox-icon-above-title uagb-infobox-image-valign-top wp-block-uagb-info-box--has-margin\"><div class=\"uagb-infobox-margin-wrapper\"><div class=\"uagb-ifb-content\"><div class=\"uagb-ifb-title-wrap\"><h1 class=\"uagb-ifb-title\">Transformamos Ideas en Soluciones Tecnol\u00f3gicas<\/h1><\/div><\/div><\/div><\/div>\n\n\n\n<div class=\"wp-block-uagb-info-box uagb-block-37087294 uagb-infobox__content-wrap  uagb-infobox-icon-above-title uagb-infobox-image-valign-top txt-details-banner\"><div class=\"uagb-ifb-content\"><div class=\"uagb-ifb-title-wrap\"><\/div><p class=\"uagb-ifb-desc\">Creamos soluciones digitales y tecnol\u00f3gicas dise\u00f1adas para optimizar procesos, mejorar la eficiencia y generar valor real en organizaciones.<\/p><\/div><\/div>\n\n\n\n<div class=\"wp-block-uagb-buttons uagb-buttons__outer-wrap uagb-btn__default-btn uagb-btn-tablet__default-btn uagb-btn-mobile__default-btn uagb-block-d2d8fd24\"><div class=\"uagb-buttons__wrap uagb-buttons-layout-wrap \">\n<div class=\"wp-block-uagb-buttons-child uagb-buttons__outer-wrap uagb-block-abb0df5e wp-block-button button-banner\"><div class=\"uagb-button__wrapper\"><a class=\"uagb-buttons-repeater wp-block-button__link\" aria-label=\"\" href=\"#\" rel=\"follow noopener\" target=\"_self\" role=\"button\"><div class=\"uagb-button__link\">Ver Soluciones Tecnol\u00f3gicas<\/div><\/a><\/div><\/div>\n<\/div><\/div>\n<\/div>\n<\/div>\n<\/div><\/section>\n<\/div>\n<\/div>\n\n\n\n<div class=\"wp-block-uagb-container uagb-layout-grid uagb-block-b5e7e8ee alignfull uagb-is-root-container\"><div class=\"uagb-container-inner-blocks-wrap\">\n<div class=\"wp-block-columns is-layout-flex wp-container-core-columns-is-layout-9c22b1e3 wp-block-columns-is-layout-flex\">\n<div class=\"wp-block-column is-vertically-aligned-center is-layout-flow wp-container-core-column-is-layout-43dc041e wp-block-column-is-layout-flow\" style=\"padding-top:0;padding-right:0;padding-bottom:0;padding-left:0;flex-basis:20%\">\n<div class=\"wp-block-uagb-image aligncenter uagb-block-f3986d7b wp-block-uagb-image--layout-default wp-block-uagb-image--effect-static wp-block-uagb-image--align-center\"><figure class=\"wp-block-uagb-image__figure\"><img decoding=\"async\" srcset=\"https:\/\/smartsystems.cloud.org.pe\/wp-content\/uploads\/2025\/02\/tecnologia-150x150.png ,https:\/\/smartsystems.cloud.org.pe\/wp-content\/uploads\/2025\/02\/tecnologia.png 780w, https:\/\/smartsystems.cloud.org.pe\/wp-content\/uploads\/2025\/02\/tecnologia.png 360w\" sizes=\"auto, (max-width: 480px) 150px\" src=\"https:\/\/smartsystems.cloud.org.pe\/wp-content\/uploads\/2025\/02\/tecnologia-150x150.png\" alt=\"\" class=\"uag-image-2167\" width=\"100\" height=\"100\" title=\"tecnologia\" loading=\"lazy\" role=\"img\"\/><\/figure><\/div>\n<\/div>\n\n\n\n<div class=\"wp-block-column is-layout-flow wp-block-column-is-layout-flow\" style=\"flex-basis:80%\">\n<div class=\"wp-block-uagb-info-box uagb-block-0fc90987 uagb-infobox__content-wrap  uagb-infobox-icon-above-title uagb-infobox-image-valign-top wp-block-uagb-info-box--has-margin\"><div class=\"uagb-infobox-margin-wrapper\"><div class=\"uagb-ifb-content\"><div class=\"uagb-ifb-title-wrap\"><h2 class=\"uagb-ifb-title\">Hacemos que la Tecnolog\u00eda Trabaje para Ti<\/h2><\/div><\/div><\/div><\/div>\n<\/div>\n<\/div>\n\n\n\n<div class=\"wp-block-uagb-info-box uagb-block-1f18b2e0 uagb-infobox__content-wrap  uagb-infobox-icon-above-title uagb-infobox-image-valign-top\"><div class=\"uagb-ifb-content\"><div class=\"uagb-ifb-title-wrap\"><p class=\"uagb-ifb-title\">En <strong>Smart Systems<\/strong>, convertimos la tecnolog\u00eda en tu mejor aliada. Desarrollamos soluciones pr\u00e1cticas y eficientes que optimizan procesos, maximizan recursos y potencian tu operatividad. Desde plataformas de gesti\u00f3n hasta sistemas embebidos, cada herramienta que creamos est\u00e1 dise\u00f1ada para resolver desaf\u00edos reales y llevarte un paso adelante.<\/p><\/div><\/div><\/div>\n<\/div><\/div>\n\n\n\n<div class=\"wp-block-uagb-container uagb-layout-grid uagb-block-05c5b147 alignfull uagb-is-root-container\"><div class=\"uagb-container-inner-blocks-wrap\">\n<div class=\"wp-block-uagb-info-box uagb-block-cae2acda uagb-infobox__content-wrap  uagb-infobox-icon-above-title uagb-infobox-image-valign-top wp-block-uagb-info-box--has-margin infobox-card\"><div class=\"uagb-infobox-margin-wrapper\"><div class=\"uagb-ifb-content\"><div class=\"uagb-ifb-image-content\"><img decoding=\"async\" src=\"https:\/\/smartsystems.cloud.org.pe\/wp-content\/uploads\/2025\/02\/desarrollo-estrategico.png\" alt=\"\" width=\"\" height=\"0\" loading=\"lazy\"\/><\/div><div class=\"uagb-ifb-title-wrap\"><h2 class=\"uagb-ifb-title-prefix\">Desarrollo Estrat\u00e9gico<\/h2><h5 class=\"uagb-ifb-title\">Soluciones tecnol\u00f3gicas dise\u00f1adas con precisi\u00f3n.<\/h5><\/div><p class=\"uagb-ifb-desc\">Analizamos cada proyecto desde sus necesidades reales para desarrollar software y sistemas electr\u00f3nicos que optimicen procesos y garanticen resultados.<\/p><\/div><\/div><\/div>\n\n\n\n<div class=\"wp-block-uagb-info-box uagb-block-8b27ce14 uagb-infobox__content-wrap  uagb-infobox-icon-above-title uagb-infobox-image-valign-top wp-block-uagb-info-box--has-margin infobox-card\"><div class=\"uagb-infobox-margin-wrapper\"><div class=\"uagb-ifb-content\"><div class=\"uagb-ifb-image-content\"><img decoding=\"async\" src=\"https:\/\/smartsystems.cloud.org.pe\/wp-content\/uploads\/2025\/02\/integracion-tecnologica.png\" alt=\"\" width=\"\" height=\"0\" loading=\"lazy\"\/><\/div><div class=\"uagb-ifb-title-wrap\"><h2 class=\"uagb-ifb-title-prefix\">Integraci\u00f3n Tecnol\u00f3gica<\/h2><h5 class=\"uagb-ifb-title\">Conectividad eficiente entre software y hardware.<\/h5><\/div><p class=\"uagb-ifb-desc\">Creamos soluciones que combinan plataformas digitales, dispositivos inteligentes y entornos en la nube, asegurando compatibilidad y escalabilidad.<\/p><\/div><\/div><\/div>\n\n\n\n<div class=\"wp-block-uagb-info-box uagb-block-646177db uagb-infobox__content-wrap  uagb-infobox-icon-above-title uagb-infobox-image-valign-top wp-block-uagb-info-box--has-margin infobox-card\"><div class=\"uagb-infobox-margin-wrapper\"><div class=\"uagb-ifb-content\"><div class=\"uagb-ifb-image-content\"><img decoding=\"async\" src=\"https:\/\/smartsystems.cloud.org.pe\/wp-content\/uploads\/2025\/02\/innovacion-confiable.png\" alt=\"\" width=\"\" height=\"0\" loading=\"lazy\"\/><\/div><div class=\"uagb-ifb-title-wrap\"><h2 class=\"uagb-ifb-title-prefix\">Innovaci\u00f3n Confiable<\/h2><h5 class=\"uagb-ifb-title\">Tecnolog\u00eda que funciona donde m\u00e1s se necesita.<\/h5><\/div><p class=\"uagb-ifb-desc\">Aplicamos metodolog\u00edas avanzadas y herramientas de vanguardia para garantizar soluciones seguras, estables y adaptadas a entornos exigentes.<\/p><\/div><\/div><\/div>\n<\/div><\/div>\n\n\n\n<div class=\"wp-block-uagb-container uagb-layout-grid uagb-block-355c401a alignfull uagb-is-root-container\"><div class=\"uagb-container-inner-blocks-wrap\">\n<div class=\"wp-block-uagb-container uagb-layout-grid uagb-block-5d72230c\">\n<div class=\"wp-block-uagb-container uagb-layout-grid uagb-block-6778c349\">\n<div class=\"wp-block-uagb-advanced-heading uagb-block-f7a87653\"><h3 class=\"uagb-heading-text\">Software Especializado<\/h3><\/div>\n\n\n\n<div class=\"wp-block-uagb-advanced-heading uagb-block-e5432ad1\"><h3 class=\"uagb-heading-text\">Tecnolog\u00eda dise\u00f1ada para cada sector.<\/h3><p class=\"uagb-desc-text\">Desarrollamos herramientas digitales adaptadas a diversas industrias, mejorando la gesti\u00f3n, la eficiencia y la toma de decisiones.<\/p><\/div>\n<\/div>\n\n\n\n<div class=\"wp-block-uagb-container uagb-layout-grid uagb-block-cb1c9cb1\">\n<div class=\"wp-block-uagb-advanced-heading uagb-block-e368bbc5\"><h3 class=\"uagb-heading-text\">Desarrollo a Medida<\/h3><\/div>\n\n\n\n<div class=\"wp-block-uagb-advanced-heading uagb-block-73a463e8\"><h3 class=\"uagb-heading-text\">Soluciones tecnol\u00f3gicas sin l\u00edmites.\u200b<\/h3><p class=\"uagb-desc-text\">Creamos sistemas personalizados que combinan software y dispositivos inteligentes para optimizar procesos y garantizar un mejor control en cualquier entorno.<\/p><\/div>\n<\/div>\n\n\n\n<div class=\"wp-block-uagb-container uagb-layout-grid uagb-block-618fcf1a\">\n<div class=\"wp-block-uagb-advanced-heading uagb-block-cf88cc53\"><h3 class=\"uagb-heading-text\">Conectividad e Integraci\u00f3n<\/h3><\/div>\n\n\n\n<div class=\"wp-block-uagb-advanced-heading uagb-block-9a2be461\"><h3 class=\"uagb-heading-text\">Todo trabajando en sincron\u00eda.\u200b<\/h3><p class=\"uagb-desc-text\">Hacemos que plataformas, equipos y sistemas se comuniquen entre s\u00ed, permitiendo monitoreo remoto, automatizaci\u00f3n y gesti\u00f3n eficiente en tiempo real.<\/p><\/div>\n<\/div>\n\n\n\n<div class=\"wp-block-uagb-container uagb-layout-grid uagb-block-845d3057\">\n<div class=\"wp-block-uagb-advanced-heading uagb-block-a92ada45\"><h3 class=\"uagb-heading-text\">Automatizaci\u00f3n y Control Inteligente<\/h3><\/div>\n\n\n\n<div class=\"wp-block-uagb-advanced-heading uagb-block-120e00a3\"><h3 class=\"uagb-heading-text\">Tecnolog\u00eda que optimiza cada proceso.<\/h3><p class=\"uagb-desc-text\">Implementamos soluciones que permiten recopilar datos, detectar cambios y actuar de forma automatizada, mejorando la seguridad, la productividad y el rendimiento.<\/p><\/div>\n<\/div>\n\n\n\n<div class=\"wp-block-uagb-container uagb-layout-grid uagb-block-05ec2050\">\n<div class=\"wp-block-uagb-advanced-heading uagb-block-b6fe4c45\"><h3 class=\"uagb-heading-text\">Infraestructura Segura y Confiable<\/h3><\/div>\n\n\n\n<div class=\"wp-block-uagb-advanced-heading uagb-block-8753c02b\"><h3 class=\"uagb-heading-text\">Sistemas robustos para entornos exigentes.<\/h3><p class=\"uagb-desc-text\">Desarrollamos soluciones tecnol\u00f3gicas estables y protegidas para garantizar operaciones continuas en cualquier escenario.<\/p><\/div>\n<\/div>\n<\/div>\n<\/div><\/div>\n","protected":false},"excerpt":{"rendered":"<p>Software Especializado Tecnolog\u00eda dise\u00f1ada para cada sector. Desarrollamos herramientas digitales adaptadas a diversas industrias, mejorando la gesti\u00f3n, la eficiencia y la toma de decisiones. Desarrollo a Medida Soluciones tecnol\u00f3gicas sin l\u00edmites.\u200b Creamos sistemas personalizados que combinan software y dispositivos inteligentes para optimizar procesos y garantizar un mejor control en cualquier entorno. Conectividad e Integraci\u00f3n Todo [&hellip;]<\/p>\n","protected":false},"author":1,"featured_media":0,"parent":0,"menu_order":0,"comment_status":"closed","ping_status":"closed","template":"","meta":{"_uag_custom_page_level_css":"","site-sidebar-layout":"no-sidebar","site-content-layout":"page-builder","ast-site-content-layout":"full-width-container","site-content-style":"unboxed","site-sidebar-style":"unboxed","ast-global-header-display":"","ast-banner-title-visibility":"","ast-main-header-display":"","ast-hfb-above-header-display":"","ast-hfb-below-header-display":"","ast-hfb-mobile-header-display":"","site-post-title":"disabled","ast-breadcrumbs-content":"","ast-featured-img":"disabled","footer-sml-layout":"","theme-transparent-header-meta":"enabled","adv-header-id-meta":"","stick-header-meta":"","header-above-stick-meta":"","header-main-stick-meta":"","header-below-stick-meta":"","astra-migrate-meta-layouts":"set","ast-page-background-enabled":"default","ast-page-background-meta":{"desktop":{"background-color":"","background-image":"","background-repeat":"repeat","background-position":"center center","background-size":"auto","background-attachment":"scroll","background-type":"","background-media":"","overlay-type":"","overlay-color":"","overlay-opacity":"","overlay-gradient":""},"tablet":{"background-color":"","background-image":"","background-repeat":"repeat","background-position":"center center","background-size":"auto","background-attachment":"scroll","background-type":"","background-media":"","overlay-type":"","overlay-color":"","overlay-opacity":"","overlay-gradient":""},"mobile":{"background-color":"","background-image":"","background-repeat":"repeat","background-position":"center center","background-size":"auto","background-attachment":"scroll","background-type":"","background-media":"","overlay-type":"","overlay-color":"","overlay-opacity":"","overlay-gradient":""}},"ast-content-background-meta":{"desktop":{"background-color":"var(--ast-global-color-5)","background-image":"","background-repeat":"repeat","background-position":"center center","background-size":"auto","background-attachment":"scroll","background-type":"","background-media":"","overlay-type":"","overlay-color":"","overlay-opacity":"","overlay-gradient":""},"tablet":{"background-color":"var(--ast-global-color-5)","background-image":"","background-repeat":"repeat","background-position":"center center","background-size":"auto","background-attachment":"scroll","background-type":"","background-media":"","overlay-type":"","overlay-color":"","overlay-opacity":"","overlay-gradient":""},"mobile":{"background-color":"var(--ast-global-color-5)","background-image":"","background-repeat":"repeat","background-position":"center center","background-size":"auto","background-attachment":"scroll","background-type":"","background-media":"","overlay-type":"","overlay-color":"","overlay-opacity":"","overlay-gradient":""}},"footnotes":""},"class_list":["post-691","page","type-page","status-publish","hentry"],"uagb_featured_image_src":{"full":false,"thumbnail":false,"medium":false,"medium_large":false,"large":false,"1536x1536":false,"2048x2048":false},"uagb_author_info":{"display_name":"admin","author_link":"https:\/\/smartsystems.cloud.org.pe\/?author=1"},"uagb_comment_info":0,"uagb_excerpt":"Software Especializado Tecnolog\u00eda dise\u00f1ada para cada sector. Desarrollamos herramientas digitales adaptadas a diversas industrias, mejorando la gesti\u00f3n, la eficiencia y la toma de decisiones. Desarrollo a Medida Soluciones tecnol\u00f3gicas sin l\u00edmites.\u200b Creamos sistemas personalizados que combinan software y dispositivos inteligentes para optimizar procesos y garantizar un mejor control en cualquier entorno. Conectividad e Integraci\u00f3n Todo&hellip;","_links":{"self":[{"href":"https:\/\/smartsystems.cloud.org.pe\/index.php?rest_route=\/wp\/v2\/pages\/691","targetHints":{"allow":["GET"]}}],"collection":[{"href":"https:\/\/smartsystems.cloud.org.pe\/index.php?rest_route=\/wp\/v2\/pages"}],"about":[{"href":"https:\/\/smartsystems.cloud.org.pe\/index.php?rest_route=\/wp\/v2\/types\/page"}],"author":[{"embeddable":true,"href":"https:\/\/smartsystems.cloud.org.pe\/index.php?rest_route=\/wp\/v2\/users\/1"}],"replies":[{"embeddable":true,"href":"https:\/\/smartsystems.cloud.org.pe\/index.php?rest_route=%2Fwp%2Fv2%2Fcomments&post=691"}],"version-history":[{"count":188,"href":"https:\/\/smartsystems.cloud.org.pe\/index.php?rest_route=\/wp\/v2\/pages\/691\/revisions"}],"predecessor-version":[{"id":2293,"href":"https:\/\/smartsystems.cloud.org.pe\/index.php?rest_route=\/wp\/v2\/pages\/691\/revisions\/2293"}],"wp:attachment":[{"href":"https:\/\/smartsystems.cloud.org.pe\/index.php?rest_route=%2Fwp%2Fv2%2Fmedia&parent=691"}],"curies":[{"name":"wp","href":"https:\/\/api.w.org\/{rel}","templated":true}]}}